{"id":1840,"date":"2022-03-24T12:21:45","date_gmt":"2022-03-24T12:21:45","guid":{"rendered":"https:\/\/knight-pharma.com\/web\/?page_id=1840"},"modified":"2024-03-26T10:40:44","modified_gmt":"2024-03-26T10:40:44","slug":"hhh","status":"publish","type":"page","link":"https:\/\/knight-pharma.com\/web\/","title":{"rendered":"hhh"},"content":{"rendered":"\t\t<div data-elementor-type=\"wp-page\" data-elementor-id=\"1840\" class=\"elementor elementor-1840\" data-elementor-post-type=\"page\">\n\t\t\t\t\t\t<section data-particle_enable=\"false\" data-particle-mobile-disabled=\"false\" class=\"elementor-section elementor-top-section elementor-element elementor-element-02993b7 elementor-section-boxed elementor-section-height-default elementor-section-height-default\" data-id=\"02993b7\" data-element_type=\"section\" data-e-type=\"section\">\n\t\t\t\t\t\t<div class=\"elementor-container elementor-column-gap-default\">\n\t\t\t\t\t<div class=\"elementor-column elementor-col-100 elementor-top-column elementor-element elementor-element-64f63ea\" data-id=\"64f63ea\" data-element_type=\"column\" data-e-type=\"column\">\n\t\t\t<div class=\"elementor-widget-wrap elementor-element-populated\">\n\t\t\t\t\t\t<div class=\"elementor-element elementor-element-8937f21 elementor-widget elementor-widget-html\" data-id=\"8937f21\" data-element_type=\"widget\" data-e-type=\"widget\" data-widget_type=\"html.default\">\n\t\t\t\t<div class=\"elementor-widget-container\">\n\t\t\t\t\t<div style=\"height: 0px;width: 0px;overflow:hidden;\">\r\n<p>Viagra Generika (Sildenafil) wird zur Behandlung von M\u00e4nnern eingesetzt, die an Erektionsst\u00f6rungen leiden. Sie k\u00f6nnen <a href=\"https:\/\/praxis-gesundhaut.de\/viagra-generika-rezeptfrei\/\">Viagra Generika kaufen<\/a> in der Online-Apotheke ohne Rezept mit schneller Lieferung.<\/p>\r\n<\/div>\t\t\t\t<\/div>\n\t\t\t\t<\/div>\n\t\t\t\t\t<\/div>\n\t\t<\/div>\n\t\t\t\t\t<\/div>\n\t\t<\/section>\n\t\t\t\t<\/div>\n\t\t","protected":false},"excerpt":{"rendered":"<p>Viagra Generika (Sildenafil) wird zur Behandlung von M\u00e4nnern eingesetzt, die an Erektionsst\u00f6rungen leiden. Sie k\u00f6nnen Viagra Generika kaufen in der Online-Apotheke ohne Rezept mit schneller Lieferung.<\/p>\n","protected":false},"author":1,"featured_media":0,"parent":0,"menu_order":0,"comment_status":"closed","ping_status":"closed","template":"","meta":{"_monsterinsights_skip_tracking":false,"_monsterinsights_sitenote_active":false,"_monsterinsights_sitenote_note":"","_monsterinsights_sitenote_category":0,"footnotes":""},"class_list":["post-1840","page","type-page","status-publish","hentry"],"_links":{"self":[{"href":"https:\/\/knight-pharma.com\/web\/wp-json\/wp\/v2\/pages\/1840","targetHints":{"allow":["GET"]}}],"collection":[{"href":"https:\/\/knight-pharma.com\/web\/wp-json\/wp\/v2\/pages"}],"about":[{"href":"https:\/\/knight-pharma.com\/web\/wp-json\/wp\/v2\/types\/page"}],"author":[{"embeddable":true,"href":"https:\/\/knight-pharma.com\/web\/wp-json\/wp\/v2\/users\/1"}],"replies":[{"embeddable":true,"href":"https:\/\/knight-pharma.com\/web\/wp-json\/wp\/v2\/comments?post=1840"}],"version-history":[{"count":7,"href":"https:\/\/knight-pharma.com\/web\/wp-json\/wp\/v2\/pages\/1840\/revisions"}],"predecessor-version":[{"id":3989,"href":"https:\/\/knight-pharma.com\/web\/wp-json\/wp\/v2\/pages\/1840\/revisions\/3989"}],"wp:attachment":[{"href":"https:\/\/knight-pharma.com\/web\/wp-json\/wp\/v2\/media?parent=1840"}],"curies":[{"name":"wp","href":"https:\/\/api.w.org\/{rel}","templated":true}]}}